{"id":2,"date":"2011-01-19T21:43:30","date_gmt":"2011-01-19T21:43:30","guid":{"rendered":"http:\/\/wp1.c128sdmsoft.net\/postmortem\/?page_id=2"},"modified":"2011-02-17T12:23:33","modified_gmt":"2011-02-17T12:23:33","slug":"info","status":"publish","type":"page","link":"https:\/\/wp1.c128sdmsoft.net\/postmortem\/info","title":{"rendered":"Info"},"content":{"rendered":"<p style=\"text-align: justify;\"><span style=\"color: #808080;\">L&#8217;unica certezza di questo mondo sembra essere la morte. Morte non intesa in senso assoluto, ma come rinnovo, sostituzione individuale, che unita al meccanismo della selezione naturale permette di ottenere, lentamente, individui ed esseri viventi sempre meglio integrati tra loro, sopprimendo gli altri. Durante questo costante rinnovo generazioni di individui inevitabilmente giungono a fine ciclo vitale. L&#8217;esistenza precedente e successiva non \u00e8 argomento di discussione, qui si vuole concedere ai viventi su questo piano la possibilit\u00e0 lasciare una traccia di S\u00e9, un segno del loro passaggio, un pensiero per dopo la morte, prima che giunga. Inutile negarne l&#8217;arrivo, pert\u00e0nto rassegn\u00e0ti a tale definit\u00ecvo evento possiamo comunque beffarlo; progettando il proprio funerale nei dettagli (per esempio come essere sepolto, la musica da suonare al proprio funerale), scrivere il proprio necrologio, lasciare disposizioni su come disegnare la propria lapide, scrivere un testamento informatico digitale, condividere le ultime volont\u00e0, pensieri o insegnamenti, spedire lettere dall&#8217;aldil\u00e0 pubblicandole postume, o qualsivoglia altro pensiero, tanto, poi, saremo morti\u2026 \u2026ingannare la morte reale con un&#8217;esistenza effimera digitale. La vita virtuale \u00e8 teoricamente eterna, ed anche se per definizione questo non \u00e8 plausibile, nulla vieta di pensarlo.<\/span><\/p>\n<blockquote><p><span style=\"color: #000000;\">Chi Io fui tu sei, chi sono tu sarai<br \/>\n<\/span><\/p>\n<p style=\"padding-left: 60px;\"><span style=\"color: #000000;\">Pregate per noi<\/span><\/p>\n<p style=\"padding-left: 30px;\"><span style=\"color: #000000;\">fratello<\/span><\/p>\n<p style=\"padding-left: 30px;\"><span style=\"color: #000000;\">ricorda<\/span><\/p>\n<p><span style=\"color: #000000;\">che devi morire<\/span><\/p><\/blockquote>\n","protected":false},"excerpt":{"rendered":"<p>L&#8217;unica certezza di questo mondo sembra essere la morte. Morte non intesa in senso assoluto, ma come rinnovo, sostituzione individuale, che unita al meccanismo della selezione naturale permette di ottenere, lentamente, individui ed esseri viventi sempre meglio integrati tra loro, &hellip; <a href=\"https:\/\/wp1.c128sdmsoft.net\/postmortem\/info\">Continua a leggere<span class=\"meta-nav\">&rarr;<\/span><\/a><\/p>\n","protected":false},"author":3,"featured_media":0,"parent":0,"menu_order":99,"comment_status":"closed","ping_status":"open","template":"","meta":{"ngg_post_thumbnail":0,"jetpack_post_was_ever_published":false,"footnotes":""},"class_list":["post-2","page","type-page","status-publish","hentry"],"jetpack_shortlink":"https:\/\/wp.me\/P1xbPa-2","jetpack_sharing_enabled":true,"_links":{"self":[{"href":"https:\/\/wp1.c128sdmsoft.net\/postmortem\/wp-json\/wp\/v2\/pages\/2","targetHints":{"allow":["GET"]}}],"collection":[{"href":"https:\/\/wp1.c128sdmsoft.net\/postmortem\/wp-json\/wp\/v2\/pages"}],"about":[{"href":"https:\/\/wp1.c128sdmsoft.net\/postmortem\/wp-json\/wp\/v2\/types\/page"}],"author":[{"embeddable":true,"href":"https:\/\/wp1.c128sdmsoft.net\/postmortem\/wp-json\/wp\/v2\/users\/3"}],"replies":[{"embeddable":true,"href":"https:\/\/wp1.c128sdmsoft.net\/postmortem\/wp-json\/wp\/v2\/comments?post=2"}],"version-history":[{"count":7,"href":"https:\/\/wp1.c128sdmsoft.net\/postmortem\/wp-json\/wp\/v2\/pages\/2\/revisions"}],"predecessor-version":[{"id":15,"href":"https:\/\/wp1.c128sdmsoft.net\/postmortem\/wp-json\/wp\/v2\/pages\/2\/revisions\/15"}],"wp:attachment":[{"href":"https:\/\/wp1.c128sdmsoft.net\/postmortem\/wp-json\/wp\/v2\/media?parent=2"}],"curies":[{"name":"wp","href":"https:\/\/api.w.org\/{rel}","templated":true}]}}