{"id":2,"date":"2010-11-28T21:44:52","date_gmt":"2010-11-28T21:44:52","guid":{"rendered":"http:\/\/wp1.c128sdmsoft.net\/bacheca\/?page_id=2"},"modified":"2011-04-26T19:04:59","modified_gmt":"2011-04-26T17:04:59","slug":"info","status":"publish","type":"page","link":"https:\/\/wp1.c128sdmsoft.net\/piccolopappa\/info","title":{"rendered":"Info"},"content":{"rendered":"<p>Un caro animaletto, a volte simpaticissimo e distensivo, a volte irritante e istigante alla violenza!!, a volte (la maggior parte delle volte) cos\u00ec preso dalle sue cose che il mondo potrebbe anche non esistere\u2026 ma attenzione a non fargli finire la pappa\u2026 allora s\u00ec che inizia il casino, quello vero, e sempre quando pensi di stare tranquillamente a tavola\u2026<\/p>\n<p>Un punto d&#8217;incontro per raccontare fatti, misfatti, curiosit\u00e0 e notizie da chi ne ha uno o pi\u00f9 di uno (!?!) ed anche come veicolo di cultura, perch\u00e9 oltre l&#8217;aspetto divertente, credo che non se ne sappia poi molto al riguardo.<\/p>\n<p>Questo \u00e8 un blog aperto, i contenuti sono visibili a tutti.<\/p>\n<p>Deriva da un gruppo aperto su Facebook il 21-01-2009. Oggi, 18-01-2011, vuole essere una nuova e migliore opportunit\u00e0 di condividere.<\/p>\n<p>Per inserire articoli \u00e8 necessario registrarsi. Questa non comporta l&#8217;immissione di dati personali ed \u00e8 gratuita.<\/p>\n<p>Gli articoli devono riguardare esperienze personali, considerazioni su abitudini e problematiche inerenti i pappagalli in generale. Per fare domande e chiedere aiuto utilizzare il forum o la lista di discussione che trovate qui:\u00a0<a href=\"http:\/\/paperelloweb.net\/mailman\/listinfo\/calopsitte\">mailing list calopsitte<\/a>. Il mio consiglio \u00e8 di sfruttare la lista.<\/p>\n","protected":false},"excerpt":{"rendered":"<p>Un caro animaletto, a volte simpaticissimo e distensivo, a volte irritante e istigante alla violenza!!, a volte (la maggior parte delle volte) cos\u00ec preso dalle sue cose che il mondo potrebbe anche non esistere\u2026 ma attenzione a non fargli finire &hellip; <a href=\"https:\/\/wp1.c128sdmsoft.net\/piccolopappa\/info\">Continua a leggere<span class=\"meta-nav\">&rarr;<\/span><\/a><\/p>\n","protected":false},"author":3,"featured_media":0,"parent":0,"menu_order":99,"comment_status":"closed","ping_status":"open","template":"onecolumn-page.php","meta":{"jetpack_post_was_ever_published":false,"footnotes":""},"class_list":["post-2","page","type-page","status-publish","hentry"],"jetpack_shortlink":"https:\/\/wp.me\/P1xbOO-2","jetpack_sharing_enabled":true,"_links":{"self":[{"href":"https:\/\/wp1.c128sdmsoft.net\/piccolopappa\/wp-json\/wp\/v2\/pages\/2","targetHints":{"allow":["GET"]}}],"collection":[{"href":"https:\/\/wp1.c128sdmsoft.net\/piccolopappa\/wp-json\/wp\/v2\/pages"}],"about":[{"href":"https:\/\/wp1.c128sdmsoft.net\/piccolopappa\/wp-json\/wp\/v2\/types\/page"}],"author":[{"embeddable":true,"href":"https:\/\/wp1.c128sdmsoft.net\/piccolopappa\/wp-json\/wp\/v2\/users\/3"}],"replies":[{"embeddable":true,"href":"https:\/\/wp1.c128sdmsoft.net\/piccolopappa\/wp-json\/wp\/v2\/comments?post=2"}],"version-history":[{"count":9,"href":"https:\/\/wp1.c128sdmsoft.net\/piccolopappa\/wp-json\/wp\/v2\/pages\/2\/revisions"}],"predecessor-version":[{"id":98,"href":"https:\/\/wp1.c128sdmsoft.net\/piccolopappa\/wp-json\/wp\/v2\/pages\/2\/revisions\/98"}],"wp:attachment":[{"href":"https:\/\/wp1.c128sdmsoft.net\/piccolopappa\/wp-json\/wp\/v2\/media?parent=2"}],"curies":[{"name":"wp","href":"https:\/\/api.w.org\/{rel}","templated":true}]}}