{"id":3621,"date":"2011-04-23T09:42:31","date_gmt":"2011-04-23T07:42:31","guid":{"rendered":"http:\/\/wp1.c128sdmsoft.net\/io\/?page_id=3621"},"modified":"2012-04-29T10:58:15","modified_gmt":"2012-04-29T08:58:15","slug":"forum","status":"publish","type":"page","link":"https:\/\/wp1.c128sdmsoft.net\/io\/info\/forum","title":{"rendered":"_ Forum"},"content":{"rendered":"<p style=\"text-align: justify;\"><strong>forum<\/strong> [<em>pr.<\/em> \/ !f\u00f2rum \/] <em>n.m. invar.<\/em> <strong>1<\/strong> riunione pubblica in cui si discutono argomenti di interesse collettivo (politico, sociale, culturale ecc.) | (<em>estens.<\/em>) intervista collettiva a un personaggio pubblico <strong>2<\/strong> in Internet, area di discussione su un determinato argomento nella quale si interviene spedendo messaggi che possono essere letti da tutti e ai quali tutti possono inviare una risposta <strong>\u00b6<\/strong> Voce ingl.; dal lat. <em>f\u014frum<\/em> \u2018foro, piazza\u2019.<\/p>\n<p>\u00a9 Petrini S.r.l. Garzanti Linguistica, 2005<\/p>\n<h2>Forum (Internet)<\/h2>\n<h6>estratto di &#8220;Wikipedia, l&#8217;enciclopedia libera&#8221;.<\/h6>\n<p style=\"text-align: justify;\">La parola <strong>forum<\/strong> (plurale in latino <em>fora<\/em>) \u00e8 utilizzata in italiano per indicare l&#8217;insieme delle sezioni di discussione in una piattaforma informatica, una singola sezione, oppure il software utilizzato per fornire questa struttura (detto anche &#8220;board&#8221;).<\/p>\n<p style=\"text-align: justify;\">Una <span style=\"text-decoration: underline;\">comunit\u00e0 virtuale<\/span> si sviluppa spesso intorno ai forum, nel quale scrivono utenti abituali con interessi comuni. I forum vengono utilizzati anche come strumento di assistenza <span style=\"text-decoration: underline;\">online<\/span> e all&#8217;interno di aziende per mettere in comunicazione i dipendenti e permettere loro di reperire informazioni.<\/p>\n<p style=\"text-align: justify;\">Ci si riferisce comunemente ai forum anche con termini e locuzioni in lingua inglese come: <em>board<\/em>, <em>message board<\/em>, <em>bulletin board<\/em> oppure <em>gruppi di discussione<\/em>, <em>bacheche<\/em> e altri.<\/p>\n<p style=\"text-align: justify;\">Molti forum richiedono la registrazione dell&#8217;utente prima di poter inviare messaggi e in alcuni casi anche per poterli leggere. Diversamente dalla <span style=\"text-decoration: underline;\">chat<\/span>, che \u00e8 uno strumento di comunicazione <span style=\"text-decoration: underline;\">sincrono<\/span>, ovvero nel quale la comunicazione avviene nello stesso momento, il forum \u00e8 <span style=\"text-decoration: underline;\">asincrono<\/span>, in quanto la scrittura e la risposta pu\u00f2 avvenire in momenti diversi.<\/p>\n<table id=\"toc\" class=\"toc\">\n<tbody>\n<tr>\n<td>\n<div id=\"toctitle\">\n<h2>Indice<\/h2>\n<\/div>\n<ul>\n<li class=\"toclevel-1 tocsection-1\"><a href=\"#Amministratori_e_moderatori\"><span class=\"tocnumber\">1<\/span> <span class=\"toctext\">Amministratori e moderatori<\/span><\/a>\n<ul>\n<li class=\"toclevel-2 tocsection-2\"><a href=\"#Amministratori\"><span class=\"tocnumber\">1.1<\/span> <span class=\"toctext\">Amministratori<\/span><\/a><\/li>\n<li class=\"toclevel-2 tocsection-3\"><a href=\"#Supermoderatori\"><span class=\"tocnumber\">1.2<\/span> <span class=\"toctext\">Supermoderatori<\/span><\/a><\/li>\n<li class=\"toclevel-2 tocsection-4\"><a href=\"#Moderatori\"><span class=\"tocnumber\">1.3<\/span> <span class=\"toctext\">Moderatori<\/span><\/a><\/li>\n<li class=\"toclevel-2 tocsection-5\"><a href=\"#Utenti\"><span class=\"tocnumber\">1.4<\/span> <span class=\"toctext\">Utenti<\/span><\/a><\/li>\n<li class=\"toclevel-2 tocsection-6\"><a href=\"#Ospiti\"><span class=\"tocnumber\">1.5<\/span> <span class=\"toctext\">Ospiti<\/span><\/a><\/li>\n<li class=\"toclevel-2 tocsection-7\"><a href=\"#Altri\"><span class=\"tocnumber\">1.6<\/span> <span class=\"toctext\">Altri<\/span><\/a><\/li>\n<\/ul>\n<\/li>\n<li class=\"toclevel-1 tocsection-8\"><a href=\"#Linguaggio\"><span class=\"tocnumber\">2<\/span> <span class=\"toctext\">Linguaggio<\/span><\/a><\/li>\n<li class=\"toclevel-1 tocsection-9\"><a href=\"#Software\"><span class=\"tocnumber\">3<\/span> <\/a>&#8211;<\/li>\n<li class=\"toclevel-1 tocsection-10\"><a href=\"#Alcune_piattaforme_di_forum\"><span class=\"tocnumber\">4<\/span> <span class=\"toctext\">Alcune piattaforme di forum<\/span><\/a><\/li>\n<li class=\"toclevel-1 tocsection-11\"><a href=\"#Voci_correlate\"><span class=\"tocnumber\">5<\/span> <span class=\"toctext\">Voci correlate<\/span><\/a><\/li>\n<li class=\"toclevel-1 tocsection-12\"><a href=\"#Altri_progetti\"><span class=\"tocnumber\">6<\/span> <span class=\"toctext\">Altri progetti<\/span><\/a><\/li>\n<li class=\"toclevel-1 tocsection-13\"><a href=\"#Collegamenti_esterni\"><span class=\"tocnumber\">7<\/span> <span class=\"toctext\">Collegamenti esterni<\/span><\/a><\/li>\n<\/ul>\n<\/td>\n<\/tr>\n<\/tbody>\n<\/table>\n<h2><span id=\"Amministratori_e_moderatori\" class=\"mw-headline\">Amministratori e moderatori<\/span><\/h2>\n<p>Alcune figure sono generalmente sempre presenti all&#8217;interno di un forum:<\/p>\n<ul>\n<li>Gli amministratori (o <em>admin<\/em>)<\/li>\n<li>I supermoderatori (o <em>supermod<\/em>)<\/li>\n<li>I moderatori (o <em>mod<\/em>)<\/li>\n<li>Gli utenti (o <em>users<\/em>)<\/li>\n<li>Gli ospiti (o <em>guests<\/em>)<\/li>\n<li>Altri utenti (in base al <em>rango<\/em> o ad altro)<\/li>\n<\/ul>\n<h3><span id=\"Amministratori\" class=\"mw-headline\">Amministratori<\/span><\/h3>\n<p style=\"text-align: justify;\">Gli amministratori sono i gestori di un forum e possiedono la facolt\u00e0 di modificare, cancellare o spostare qualsiasi messaggio. Solitamente possono anche chiudere il forum, modificarlo, apportare cambiamenti al software, espellere, cancellare o creare utenti. Possiedono inoltre tutte le funzionalit\u00e0 dei moderatori.<\/p>\n<h3><span id=\"Supermoderatori\" class=\"mw-headline\">Supermoderatori<\/span><\/h3>\n<p style=\"text-align: justify;\">I supermoderatori aiutano il lavoro degli amministratori, dai quali sono stati scelti, ma rispetto ai quali hanno meno poteri. Il loro scopo \u00e8 generalmente quello di coordinare l&#8217;attivit\u00e0 dei <span style=\"text-decoration: underline;\">moderatori<\/span> e di assisterli. Possiedono inoltre tutte le funzionalit\u00e0 e svolgono tutti i compiti dei moderatori.<\/p>\n<h3><span id=\"Moderatori\" class=\"mw-headline\">Moderatori<\/span><\/h3>\n<p style=\"text-align: justify;\">I moderatori aiutano il lavoro degli amministratori, dai quali sono stati scelti, ma rispetto ai quali hanno meno poteri. Il loro scopo \u00e8 generalmente quello di mantenere un&#8217;atmosfera tranquilla e pacifica nell&#8217;area che gli \u00e8 stata attribuita, evitando che le discussioni degenerino, chiudendo\/cancellando quelle contrarie al regolamento, spostando discussioni in aree pi\u00f9 consone e facendo rispettare le varie regole. Il moderatore pu\u00f2 essere anche un esperto dell&#8217;argomento di cui tratta il forum, e pu\u00f2 avere la funzione di risolvere dubbi di utenti meno esperti.<\/p>\n<h3><span id=\"Utenti\" class=\"mw-headline\">Utenti<\/span><\/h3>\n<p style=\"text-align: justify;\">Gli utenti sono la tipologia pi\u00f9 comune. Di norma, l&#8217;utente \u00e8 un soggetto, registrato al forum, che pu\u00f2 pubblicare messaggi. I suoi privilegi sono inferiori a quelli dell&#8217;amministratore e del moderatore, e di solito gli permettono di: aprire nuove discussioni e pubblicare messaggi, pi\u00f9 di usufruire di altre funzionalit\u00e0 accessorie (scegliere una firma personalizzata, caricare un avatar). In alcuni casi \u00e8 permessa la modifica dei propri messaggi dopo la pubblicazione e la loro cancellazione. Molto spesso le modifiche e le cancellazioni possono essere ripristinate da un membro addetto alla moderazione, ad esempio se l&#8217;utente le ha utilizzate in maniera scorretta nei confronti degli altri utenti.<\/p>\n<h3><span id=\"Ospiti\" class=\"mw-headline\">Ospiti<\/span><\/h3>\n<p style=\"text-align: justify;\">Gli ospiti, infine, sono quegli utenti che navigano il forum senza aver effettuato la registrazione. Anche agli ospiti talvolta \u00e8 permessa la pubblicazione di messaggi, ma pi\u00f9 raramente, anche per contrastare fenomeni di <span style=\"text-decoration: underline;\">spam<\/span>, <span style=\"text-decoration: underline;\">flooding<\/span>, <span style=\"text-decoration: underline;\">cross-posting<\/span>. Gli ospiti generalmente non possono accedere a funzionalit\u00e0 aggiuntive come la scelta di un avatar, di una firma personalizzata, e cos\u00ec via.<\/p>\n<h3><span id=\"Altri\" class=\"mw-headline\">Altri<\/span><\/h3>\n<p style=\"text-align: justify;\">Sovente all&#8217;interno di un forum l&#8217;amministratore attribuisce cariche o ranghi particolari a determinati utenti. Sia per stimolare la partecipazione, sia per premiare la frequentazione assidua. Spesso il rango dell&#8217;utente (o <span style=\"text-decoration: underline;\">rank<\/span> in inglese), \u00e8 determinato automaticamente a seconda del numero di messaggi pubblicati.<\/p>\n<p>In altri casi \u00e8 l&#8217;utente stesso a potersi attribuire una sorta di &#8220;titolo&#8221;.<\/p>\n<p style=\"text-align: justify;\">Possono esistere, infine, in particolare nei forum di grandi dimensioni, figure intermedie tra l&#8217;amministratore e il moderatore, con il privilegio, per esempio, di occuparsi di pi\u00f9 forum o pi\u00f9 aree. Tali figure corrispondono spesso al ruolo di supermoderatore, il quale \u00e8 intermedio tra quello di amministratore e quello di moderatore, e che pu\u00f2 operare in pi\u00f9 forum o pi\u00f9 aree, nonch\u00e9 assistere i moderatori.<\/p>\n<h2><span id=\"Linguaggio\" class=\"mw-headline\">Linguaggio<\/span><\/h2>\n<p>All&#8217;interno di un forum vengono spesso utilizzati <span style=\"text-decoration: underline;\">anglicismi<\/span> e <span style=\"text-decoration: underline;\">forestierismi<\/span>.<\/p>\n<ul>\n<li><strong>Ban<\/strong> (sospensione dell&#8217;account di un utente, ad esempio per violazioni perduranti delle regole, che pu\u00f2 essere temporanea o definitiva), traducibile in &#8220;interdizione&#8221;.<\/li>\n<li><strong>Bannare<\/strong> (punire un utente con il ban), traducibile in &#8220;bandire&#8221; o &#8220;interdire&#8221;.<\/li>\n<li><strong>Cracker<\/strong> (il lato oscuro del fenomeno <span style=\"text-decoration: underline;\">hacking<\/span>), traducibile in &#8220;pirata informatico&#8221;.<\/li>\n<li><strong>Cross-posting<\/strong> (inserire lo stesso messaggio in pi\u00f9 sezioni dello stesso forum).<\/li>\n<li><strong>Emoticon<\/strong> (le faccine che compaiono nei messaggi per trasmettere l&#8217;umore dell&#8217;autore).<\/li>\n<li><strong>Flame<\/strong> (discussione troppo accesa che pu\u00f2 degenerare in insulti e offese personali).<\/li>\n<li><strong>Flood<\/strong> (invio ripetuto di messaggi di solito inutili e fastidiosi).<\/li>\n<li><strong>Geek<\/strong> (l&#8217;appassionato della tecnologia e della conoscenza in generale).<\/li>\n<li><strong>Hacker<\/strong> (il tecnico esperto di tecnologia), spesso tradotto o intesto erroneamente come &#8220;pirata informatico&#8221;.<\/li>\n<li><strong>Lurker<\/strong> o <strong>Leecher<\/strong> (l&#8217;utente che si limita a leggere i messaggi senza intervenire).<\/li>\n<li><strong>Lurkare<\/strong> (l&#8217;azione di leggere i messaggi senza intervenire nelle discussioni).<\/li>\n<li><strong>Netiquette<\/strong> (regole di buon comportamento), traducibile in &#8220;norme di comportamento&#8221; o &#8220;etichetta&#8221;.<\/li>\n<li><strong>Newbie<\/strong> (utente inesperto), traducibile in &#8220;principiante&#8221;, sovente tradotto ironicamente in &#8220;niubbo&#8221;.<\/li>\n<li><strong>Nickname<\/strong> (il nome utente), traducibile in &#8220;alias&#8221;, &#8220;soprannome&#8221;, &#8220;pseudonimo&#8221;, &#8220;nome utente&#8221;.<\/li>\n<li><strong>Off-topic<\/strong> (indica un messaggio non pertinente all&#8217;argomento trattato in una determinata discussione, oppure una sezione per l&#8217;inserimento di messaggi non pertinenti ai temi trattati nel forum), spesso abbreviato in &#8220;OT&#8221; \u00e8 traducibile in &#8220;fuori argomento&#8221;, &#8220;fuori tema&#8221;.<\/li>\n<li><strong>PM<\/strong> (messaggio privato, sta per Private Message), traducibile in &#8220;MP&#8221; o &#8220;messaggio privato&#8221;.<\/li>\n<li><strong>Post<\/strong>, traducibile in &#8220;messaggio&#8221;.<\/li>\n<li><strong>Postare<\/strong>, traducibile in &#8220;pubblicare&#8221;, &#8220;scrivere&#8221;, un messaggio.<\/li>\n<li><strong>Post padding<\/strong> (riempire pagine e pagine di messaggi inutili).<\/li>\n<li><strong>Reply<\/strong>, traducibile in &#8220;rispondere&#8221; o &#8220;replicare&#8221;.<\/li>\n<li><strong>Spam<\/strong> (messaggio o messaggi di pubblicit\u00e0 indesiderata, anche non di carattere commerciale, come link a siti personali, pubblicato senza autorizzazione degli amministratori).<\/li>\n<li><strong>Splittare<\/strong> (dividere un topic in due o pi\u00f9 topic), traducibile in &#8220;dividere&#8221;.<\/li>\n<li><strong>Thread<\/strong> a volte abbreviato in &#8220;3d&#8221;, traducibile in &#8220;discussione&#8221;.<\/li>\n<li><strong>Topic<\/strong> (sinonimo di thread; pi\u00f9 raramente argomento), traducibile in &#8220;discussione&#8221;.<\/li>\n<li><strong>Troll<\/strong> (un individuo provocatore, che discute coi toni accesi con l&#8217;obiettivo di fomentare gli animi).<\/li>\n<li><strong>Warn<\/strong> (avvertimento imposto da chi ha i poteri nel forum, atto a segnalare violazioni del regolamento, in genere ha il suo indicatore di livello per ogni Utente posto sotto l&#8217;avatar), traducibile in &#8220;avvertimento&#8221;.<\/li>\n<\/ul>\n<h2><span id=\"Alcune_piattaforme_di_forum\" class=\"mw-headline\">Alcune piattaforme di forum<\/span><\/h2>\n<dl>\n<dt>FluxBB<\/dt>\n<dd>forum basato su PHP e SQL, particolaremente leggero, performante e sicuro.<\/dd>\n<dt>ExBB<\/dt>\n<dd>forum scritto in PHP che memorizza i dati in file di testo (flat file)<\/dd>\n<dt>Invision Power Board<\/dt>\n<dd>il forum (a pagamento) della Invision power service<\/dd>\n<dt>Lussumo Vanilla<\/dt>\n<dd>&#8220;the sweetest forum on the web&#8221;.<\/dd>\n<dt>MyBulletinBoard<\/dt>\n<dd>potente e gratuito forum scritto in PHP<\/dd>\n<dt>Osiris<\/dt>\n<dd>forum basato su tecnologia <span style=\"text-decoration: underline;\">P2P<\/span> che garantisce anonimato e resistenza ai guasti.<\/dd>\n<dt>phpBB<\/dt>\n<dd>forum scritto in PHP, permette di memorizzare i dati in vari tipi di <span style=\"text-decoration: underline;\">database<\/span>.<\/dd>\n<dt>PunBB<\/dt>\n<dd>forum scritto in PHP.<\/dd>\n<dt>Simple Machines Forum<\/dt>\n<dd>forum gratuito basato su PHP e MySQL.<\/dd>\n<dt>useBB<\/dt>\n<dd>un forum leggero, semplice e usabile, rilasciato con licenza <span style=\"text-decoration: underline;\">GPL<\/span>; usa PHP 4 e MySQL.<\/dd>\n<dt>vBulletin<\/dt>\n<dd>potente e prestigioso forum (a pagamento) scritto in PHP, che memorizza i dati in database <span style=\"text-decoration: underline;\">MySQL<\/span>.<\/dd>\n<dt>MyUPB<\/dt>\n<dt>ForumCommunity, ForumFree e BlogFree<\/dt>\n<dd>Servizio gratuito per la creazione di forum e <span style=\"text-decoration: underline;\">blog<\/span>.<\/dd>\n<dt>Burning Board<\/dt>\n<dd>Forum a pagamento prodotto dalla <span style=\"text-decoration: underline;\">WoltLab<\/span><\/dd>\n<dt>Burning Board Lite<\/dt>\n<dd>La versione gratuita del <span style=\"text-decoration: underline;\">Burning Board<\/span>, con molte funzioni in meno.<\/dd>\n<dd><\/dd>\n<\/dl>\n<div id=\"interProject\" style=\"display: none; clear: both; border-top: 2px dotted #AAAAAA; margin-top: 2em;\">\n<div title=\"Collegamenti verso gli altri progetti Wikimedia\">\n<ul>\n<li><a class=\"extiw\" title=\"commons:Category:Internet forum\" href=\"http:\/\/commons.wikimedia.org\/wiki\/Category:Internet_forum\">Commons<\/a><\/li>\n<\/ul>\n<\/div>\n<\/div>\n<h6>23-04-2011 &#8211; <a href=\"http:\/\/it.wikipedia.org\/wiki\/Forum_(Internet)\">http:\/\/it.wikipedia.org\/wiki\/Forum_(Internet)<\/a><\/h6>\n","protected":false},"excerpt":{"rendered":"<p>forum [pr. \/ !f\u00f2rum \/] n.m. invar. 1 riunione pubblica in cui si discutono argomenti di interesse collettivo (politico, sociale, culturale ecc.) | (estens.) intervista collettiva a un personaggio pubblico 2 in Internet, area di discussione su un determinato argomento &hellip; <a href=\"https:\/\/wp1.c128sdmsoft.net\/io\/info\/forum\">Continua a leggere<span class=\"meta-nav\">&rarr;<\/span><\/a><\/p>\n","protected":false},"author":3,"featured_media":0,"parent":2,"menu_order":60,"comment_status":"open","ping_status":"closed","template":"onecolumn-page.php","meta":{"ngg_post_thumbnail":0,"jetpack_post_was_ever_published":false,"footnotes":""},"class_list":["post-3621","page","type-page","status-publish","hentry"],"jetpack_sharing_enabled":true,"_links":{"self":[{"href":"https:\/\/wp1.c128sdmsoft.net\/io\/wp-json\/wp\/v2\/pages\/3621","targetHints":{"allow":["GET"]}}],"collection":[{"href":"https:\/\/wp1.c128sdmsoft.net\/io\/wp-json\/wp\/v2\/pages"}],"about":[{"href":"https:\/\/wp1.c128sdmsoft.net\/io\/wp-json\/wp\/v2\/types\/page"}],"author":[{"embeddable":true,"href":"https:\/\/wp1.c128sdmsoft.net\/io\/wp-json\/wp\/v2\/users\/3"}],"replies":[{"embeddable":true,"href":"https:\/\/wp1.c128sdmsoft.net\/io\/wp-json\/wp\/v2\/comments?post=3621"}],"version-history":[{"count":6,"href":"https:\/\/wp1.c128sdmsoft.net\/io\/wp-json\/wp\/v2\/pages\/3621\/revisions"}],"predecessor-version":[{"id":3762,"href":"https:\/\/wp1.c128sdmsoft.net\/io\/wp-json\/wp\/v2\/pages\/3621\/revisions\/3762"}],"up":[{"embeddable":true,"href":"https:\/\/wp1.c128sdmsoft.net\/io\/wp-json\/wp\/v2\/pages\/2"}],"wp:attachment":[{"href":"https:\/\/wp1.c128sdmsoft.net\/io\/wp-json\/wp\/v2\/media?parent=3621"}],"curies":[{"name":"wp","href":"https:\/\/api.w.org\/{rel}","templated":true}]}}