{"id":3619,"date":"2011-04-11T11:52:23","date_gmt":"2011-04-11T09:52:23","guid":{"rendered":"http:\/\/wp1.c128sdmsoft.net\/io\/?page_id=3619"},"modified":"2012-05-14T19:18:28","modified_gmt":"2012-05-14T17:18:28","slug":"rss-really-simple-syndication","status":"publish","type":"page","link":"https:\/\/wp1.c128sdmsoft.net\/io\/info\/rss-really-simple-syndication","title":{"rendered":"RSS"},"content":{"rendered":"<p>Questa rete di blog non \u00e8 molto estesa, ma col tempo potrebbe risultare difficile seguire gli aggiornamenti agli articoli ed ai commenti.<\/p>\n<p>Con la lettura questo breve articolo ed\u00a0un po&#8217; di pazienza sarete presto in grado di utilizzare al meglio questo servizio.<\/p>\n<p>Iscriversi al canale RSS del sito o blog a cui si \u00e8 interessati\u00a0\u00e8 sicuramente il modo pi\u00f9 semplice ed integrato per restare aggiornati sui nuovi articoli, commenti ed attivit\u00e0 dei blog.<\/p>\n<p>RSS \u00e8 l&#8217;acronimo di &#8220;Really Simple Syndication&#8221;.\u00a0Questo termine \u00e8 stato creato per sottolineare la semplicit\u00e0 d&#8217;uso che contraddistingue questa versione, la 2.0, in contrasto con la precedente 1.0 rilasciata qualche mese prima dall&#8217;RSS-DEV Working Group e con le altre versioni da cui deriva.<\/p>\n<p><span style=\"color: #3366ff;\"><strong>Cosa \u00e8 l&#8217;RSS?<\/strong><\/span><\/p>\n<p>Il termine RSS \u00e8 una sigla usata per indicare uno specifico\u00a0<strong>formato di dati, particolarmente indicato per la distribuzione di contenuti attraverso internet<\/strong>.<br \/>\nI significati dell&#8217;acronimo sono pi\u00f9 di uno, ma sostanzialmente il riferimento \u00e8 sempre al medesimo tipo di file.<\/p>\n<p><span style=\"color: #3366ff;\"><strong>A cosa serve? Qual&#8217;\u00e8 la sua utilit\u00e0?<\/strong><\/span><\/p>\n<p><strong>L&#8217;RSS \u00e8 un formato estremamente versatile e dinamico che aiuta gli utenti a seguire gli aggiornamenti dei propri siti preferiti in un modo semplice, innovativo e soprattutto rapido<\/strong>, garantendo maggiore sicurezza rispetto a sistemi tradizionali come le newsletter e richiedendo minori risorse soprattutto per quanto riguarda tempo e connessione internet.<\/p>\n<p>L&#8217;RSS, termine che pu\u00f2 assumere\u00a0<a href=\"http:\/\/www.rss-world.info\/rss\/introduzione\/cosa_significa_rss.php\">diversi significati<\/a>, rappresenta un\u00a0<strong>formato di dati appositamente studiato per la diffusione di contenuti sul web<\/strong> da parte di portali, siti internet e blog.<br \/>\nIl canale RSS aiuta gli utenti fornendo loro un potentissimo mezzo per seguire, quasi in tempo reale, gli aggiornamenti del sito riducendo drasticamente i tempi di accesso ai siti e verifica delle ultime pubblicazioni.<\/p>\n<p>Una volta iscritti al feed RSS\/Atom dei vostri siti preferiti potrete controllare velocemente le modifiche recenti e ricevere notifiche ogni qual volta nuovi contenuti sono pubblicati.<\/p>\n<p>La distribuzione dei contenuti avviene attraverso un\u00a0<a title=\"Il feed\" href=\"http:\/\/www.rss-world.info\/rss\/introduzione\/feed.php\">apposito file<\/a> contenente le informazioni relative ai rispettivi aggiornamenti. <strong>Questo file<\/strong> \u00e8 generato automaticamente e<strong> prende il nome di feed<\/strong> o eventualmente newsfeed, proprio per la sua caratteristica di fornitore di notizie. Ciascun feed rappresenta un canale al quale \u00e8 possibile iscriversi.<\/p>\n<p>&nbsp;<\/p>\n<p style=\"text-align: center;\"><strong><a href=\"http:\/\/www.rss-world.info\/quickinfo-utente.php\">Leggere un feed in modo semplice, veloce e gratuito<\/a><\/strong><\/p>\n<p><strong>Perch\u00e8 usare un feed RSS?<\/strong><\/p>\n<p>L&#8217;RSS viene incontro alle esigenze degli utenti che necessitano di rimanere costantemente aggiornati sulle pubblicazioni dei loro siti preferiti.<\/p>\n<p>Permette di risolvere i numerosi problemi legati a dover periodicamente accedere ai siti, navigarli alla ricerca di nuove informazioni, con un ragionevole dispendio di tempo e risorse, soprattutto per i visitatori che non hanno a disposizione connessioni ad internet a banda larga.<\/p>\n<p>Consente di consultare, in modo centralizzato e rapido, le nuove pubblicazioni sui siti di riferimento, per poter eventualmente accedere ai contenuti completi in modo efficace, direttamente a partire dal feed.<\/p>\n<p><strong>L&#8217;RSS e la sicurezza<\/strong><\/p>\n<p>Il canale RSS\/Atom rappresenta un ottimo strumento per salvaguardare la privacy in quanto non \u00e8 necessario ogni volta accedere ai singoli siti, ma \u00e8 sufficiente scaricare dalla sorgente il singolo feed da leggere comodamente.<\/p>\n<p>Questo evita quindi la necessit\u00e0 di fornire informazioni personali o di dover sparpagliare per la rete indirizzi email per iscriversi alle newsletter di aggiornamento.<\/p>\n<p><strong>Come abbonarsi e leggersi ad un canale RSS\/Atom<\/strong><\/p>\n<p>Ecco i principali step, riassunti in modo schematico, che \u00e8 necessario seguire per iscriversi ad un feed RSS o Atom.<\/p>\n<ol>\n<li>Scegli un lettore per feed da usare. Hai a tua disposizione una vasta scelta di aggregatori che comprendono programmi da installare sul tuo computer o interfacce accessibili direttamente via web.<br \/>\nPer conoscerli utilizza un motore di ricerca scrivendo nel campo parole tipo &#8220;applicazione lettura rss&#8221; ed aggiungendo il nome del Sistema Operativo utilizzato (es. Mac, Linux, Windows).<\/li>\n<li>Copia il collegamento del feed scelto dal sito, normalmente identificato dalla presenza di icone o bottoni specifici.<\/li>\n<li>Incolla il collegamento nel lettore scelto e segui la procedura per completare la tua iscrizione in base all&#8217;aggregatore adottato.<\/li>\n<li>Pensavi fosse necessario altro? Assolutamente no, gi\u00e0 da ora potrai rilassarti ed il tuo aggregatore comincer\u00e0 a macinare i feed al posto tuo segnalandoti ogni nuovo aggiornamento in modo semplice e quasi in tempo reale.<\/li>\n<\/ol>\n<p><strong>Ora che so a cosa serve dove approfondisco la lettura?<\/strong><\/p>\n<p style=\"text-align: center;\">Per ulteriori approfondimenti seguite questo <a href=\"http:\/\/www.rss-world.info\/rss\/introduzione\">link<\/a>.<\/p>\n<p style=\"text-align: left;\"><span style=\"color: #3366ff;\"><strong>Ora che conosci gli step principali per iscriversi ad un canale RSS puoi proseguire nella navigazione del sito.<\/strong><\/span><\/p>\n","protected":false},"excerpt":{"rendered":"<p>Questa rete di blog non \u00e8 molto estesa, ma col tempo potrebbe risultare difficile seguire gli aggiornamenti agli articoli ed ai commenti. Con la lettura questo breve articolo ed\u00a0un po&#8217; di pazienza sarete presto in grado di utilizzare al meglio &hellip; <a href=\"https:\/\/wp1.c128sdmsoft.net\/io\/info\/rss-really-simple-syndication\">Continua a leggere<span class=\"meta-nav\">&rarr;<\/span><\/a><\/p>\n","protected":false},"author":3,"featured_media":0,"parent":2,"menu_order":50,"comment_status":"open","ping_status":"closed","template":"onecolumn-page.php","meta":{"ngg_post_thumbnail":0,"jetpack_post_was_ever_published":false,"footnotes":""},"class_list":["post-3619","page","type-page","status-publish","hentry"],"jetpack_sharing_enabled":true,"_links":{"self":[{"href":"https:\/\/wp1.c128sdmsoft.net\/io\/wp-json\/wp\/v2\/pages\/3619","targetHints":{"allow":["GET"]}}],"collection":[{"href":"https:\/\/wp1.c128sdmsoft.net\/io\/wp-json\/wp\/v2\/pages"}],"about":[{"href":"https:\/\/wp1.c128sdmsoft.net\/io\/wp-json\/wp\/v2\/types\/page"}],"author":[{"embeddable":true,"href":"https:\/\/wp1.c128sdmsoft.net\/io\/wp-json\/wp\/v2\/users\/3"}],"replies":[{"embeddable":true,"href":"https:\/\/wp1.c128sdmsoft.net\/io\/wp-json\/wp\/v2\/comments?post=3619"}],"version-history":[{"count":6,"href":"https:\/\/wp1.c128sdmsoft.net\/io\/wp-json\/wp\/v2\/pages\/3619\/revisions"}],"predecessor-version":[{"id":4040,"href":"https:\/\/wp1.c128sdmsoft.net\/io\/wp-json\/wp\/v2\/pages\/3619\/revisions\/4040"}],"up":[{"embeddable":true,"href":"https:\/\/wp1.c128sdmsoft.net\/io\/wp-json\/wp\/v2\/pages\/2"}],"wp:attachment":[{"href":"https:\/\/wp1.c128sdmsoft.net\/io\/wp-json\/wp\/v2\/media?parent=3619"}],"curies":[{"name":"wp","href":"https:\/\/api.w.org\/{rel}","templated":true}]}}