{"id":2,"date":"2010-10-09T08:40:45","date_gmt":"2010-10-09T06:40:45","guid":{"rendered":"http:\/\/wp1.c128sdmsoft.net\/io\/?page_id=2"},"modified":"2012-04-30T18:38:03","modified_gmt":"2012-04-30T16:38:03","slug":"info","status":"publish","type":"page","link":"https:\/\/wp1.c128sdmsoft.net\/io\/info","title":{"rendered":"info &#8220;io&#8221;"},"content":{"rendered":"<h2 style=\"text-align: center;\"><strong><span style=\"color: #00ff00;\">Fatto il sondaggio?<a href=\"http:\/\/wp1.c128sdmsoft.net\/io\/files\/2010\/10\/logo_128_da_icone_desktop.png\"><img loading=\"lazy\" decoding=\"async\" class=\"alignright size-full wp-image-36\" title=\"logo C=128 SDM soft\" src=\"http:\/\/wp1.c128sdmsoft.net\/io\/files\/2010\/10\/logo_128_da_icone_desktop.png\" alt=\"\" width=\"64\" height=\"97\" \/><\/a><\/span><\/strong><\/h2>\n<p>&nbsp;<\/p>\n<p><strong><span style=\"color: #3366ff;\">Benvenuto in questo spazio web.<\/span><\/strong><\/p>\n<p>Questo blog e tutto ci\u00f2 che ne \u00e8 seguito nasce per gioco un giorno di fine estate. La curiosit\u00e0 unita a studio e determinazione sono state gli ingredienti per la configurazione, manuale, del mio primo sito web. Da quell&#8217;esperimento ne \u00e8 passato di tempo ed ora, anche attraverso nuovi strumenti e risorse, eccoci qua.<\/p>\n<p>Io rappresenta se stessi, per cui qualsiasi nostro pensiero, considerazione, notizia o altro prodotto di S\u00e9 \u00e8 valido per essere condiviso. Lo considero un blog personale di tutti.<\/p>\n<p>Cosa aspetti, sono certo che anche tu vuoi condividerti, \u00e8 nella nostra natura.<\/p>\n<p>&nbsp;<\/p>\n<p><strong><span style=\"color: #3366ff;\">Brevi info sulle sezioni:<\/span><span style=\"color: #3366ff;\"><br \/>\n<\/span><\/strong><\/p>\n<p><strong>Notizie<\/strong><\/p>\n<p>\u00c8 la sezione principale nella quale sono contenuti tutti gli articoli, o post, del blog. Queste possono essere notizie di rilevo o semplicemente delle tracce di riflessione.<\/p>\n<p>&nbsp;<\/p>\n<p><strong>Forum<\/strong><\/p>\n<p>\u00c8 un ambiente dove porre domande e discutere su vari argomenti; \u00e8 organizzato per categorie.<\/p>\n<p>&nbsp;<\/p>\n<p><strong>Foto<\/strong><\/p>\n<p>Sono presenti delle gallerie fotografiche.<\/p>\n<p>&nbsp;<\/p>\n<p><em>Download<\/em><\/p>\n<p>In questa sezione sono disponibili degli archivi; provali e fammi sapere cosa ne pensi.<\/p>\n<p>&nbsp;<\/p>\n<p><em>Links<\/em><\/p>\n<p>Sono presenti dei collegamenti web a siti esterni, organizzati per argomenti.<\/p>\n<p>&nbsp;<\/p>\n<p><em>Libro degli ospiti<\/em><\/p>\n<p>Corrisponde al libro presente all&#8217;ingresso di biblioteche e musei. Serve per lasciare un segno del proprio passaggio in quanto non \u00e8 necessaria la registrazione.<\/p>\n<p>&nbsp;<\/p>\n<p><em>Contatti<\/em><\/p>\n<p>Serve per inviare un messaggio all&#8217;amministratore senza utilizzare applicazioni esterne.<\/p>\n<p>&nbsp;<\/p>\n<p><del><em>Mappa sito<\/em><\/del><\/p>\n<p>Viene rappresentata una mappa di tutte le sezioni del sito organizzata ad albero, dalla quale \u008f\u00e8 possibile accedervi direttamente.<\/p>\n<p><span style=\"color: #33cccc;\">Tutte le sezioni sono consultabili anche dagli ospiti, cio\u00e8 dagli utenti non registrati. Per pubblicare notizie, partecipare ai forum e per interagire nelle sezioni evidenziate in grassetto \u00e8 necessaria la registrazione. Essa non comporta l&#8217;immissione di dati personali ed \u00e8 gratuita.<\/span><\/p>\n<p>Buona navigazione.<\/p>\n<hr noshade=\"noshade\" size=\"1\" \/>\n<p><span style=\"color: #808000;\">Per contattare l&#8217;amministratore:<\/span><\/p>\n<p><span style=\"color: green;\">via email:<\/span><\/p>\n<p><a href=\"mailto:druid86@vodafone.it\">webmaster@paperelloweb.net<\/a> <object width=\"160\" height=\"16\" classid=\"clsid:d27cdb6e-ae6d-11cf-96b8-444553540000\" codebase=\"http:\/\/download.macromedia.com\/pub\/shockwave\/cabs\/flash\/swflash.cab#version=6,0,40,0\"><param name=\"src\" value=\"http:\/\/wp1.c128sdmsoft.net\/io\/files\/2010\/10\/midi1.mid\" \/><param name=\"loop\" value=\"loop\" \/><param name=\"autostart\" value=\"true\" \/><param name=\"controls\" value=\"controls\" \/><param name=\"controller\" value=\"true\" \/><\/object><\/p>\n<h6>30-06-2011<\/h6>\n","protected":false},"excerpt":{"rendered":"<p>Fatto il sondaggio? &nbsp; Benvenuto in questo spazio web. Questo blog e tutto ci\u00f2 che ne \u00e8 seguito nasce per gioco un giorno di fine estate. La curiosit\u00e0 unita a studio e determinazione sono state gli ingredienti per la configurazione, &hellip; <a href=\"https:\/\/wp1.c128sdmsoft.net\/io\/info\">Continua a leggere<span class=\"meta-nav\">&rarr;<\/span><\/a><\/p>\n","protected":false},"author":3,"featured_media":0,"parent":0,"menu_order":999,"comment_status":"closed","ping_status":"closed","template":"onecolumn-page.php","meta":{"ngg_post_thumbnail":0,"jetpack_post_was_ever_published":false,"footnotes":""},"class_list":["post-2","page","type-page","status-publish","hentry"],"jetpack_sharing_enabled":true,"_links":{"self":[{"href":"https:\/\/wp1.c128sdmsoft.net\/io\/wp-json\/wp\/v2\/pages\/2","targetHints":{"allow":["GET"]}}],"collection":[{"href":"https:\/\/wp1.c128sdmsoft.net\/io\/wp-json\/wp\/v2\/pages"}],"about":[{"href":"https:\/\/wp1.c128sdmsoft.net\/io\/wp-json\/wp\/v2\/types\/page"}],"author":[{"embeddable":true,"href":"https:\/\/wp1.c128sdmsoft.net\/io\/wp-json\/wp\/v2\/users\/3"}],"replies":[{"embeddable":true,"href":"https:\/\/wp1.c128sdmsoft.net\/io\/wp-json\/wp\/v2\/comments?post=2"}],"version-history":[{"count":7,"href":"https:\/\/wp1.c128sdmsoft.net\/io\/wp-json\/wp\/v2\/pages\/2\/revisions"}],"predecessor-version":[{"id":3793,"href":"https:\/\/wp1.c128sdmsoft.net\/io\/wp-json\/wp\/v2\/pages\/2\/revisions\/3793"}],"wp:attachment":[{"href":"https:\/\/wp1.c128sdmsoft.net\/io\/wp-json\/wp\/v2\/media?parent=2"}],"curies":[{"name":"wp","href":"https:\/\/api.w.org\/{rel}","templated":true}]}}